{"id":1222,"date":"2025-03-19T06:33:33","date_gmt":"2025-03-19T05:33:33","guid":{"rendered":"https:\/\/kcvinkovci.hr\/?page_id=1222"},"modified":"2026-02-27T09:17:14","modified_gmt":"2026-02-27T08:17:14","slug":"dokumenti","status":"publish","type":"page","link":"https:\/\/kcvinkovci.hr\/en\/dokumenti\/","title":{"rendered":"Dokumenti"},"content":{"rendered":"<p>[et_pb_section fb_built=&#8221;1&#8243; admin_label=&#8221;Header&#8221; _builder_version=&#8221;4.27.4&#8243; _module_preset=&#8221;default&#8221; use_background_color_gradient=&#8221;on&#8221; background_color_gradient_stops=&#8221;rgba(0,0,0,0.8) 100%|rgba(0,0,0,0.1) 100%&#8221; background_color_gradient_overlays_image=&#8221;on&#8221; background_enable_image=&#8221;off&#8221; background_position=&#8221;top_center&#8221; background_vertical_offset=&#8221;30%&#8221; custom_margin=&#8221;||||false|false&#8221; custom_padding=&#8221;5vw||40px||false|false&#8221; collapsed=&#8221;on&#8221; global_colors_info=&#8221;{}&#8221;][et_pb_row _builder_version=&#8221;4.20.0&#8243; _module_preset=&#8221;default&#8221; global_colors_info=&#8221;{}&#8221;][et_pb_column type=&#8221;4_4&#8243; _builder_version=&#8221;4.20.0&#8243; _module_preset=&#8221;default&#8221; global_colors_info=&#8221;{}&#8221;][et_pb_text _builder_version=&#8221;4.27.4&#8243; _module_preset=&#8221;_initial&#8221; header_font=&#8221;Roboto Condensed|700||on|||||&#8221; header_text_color=&#8221;#FFFFFF&#8221; header_font_size=&#8221;75px&#8221; header_line_height=&#8221;1.2em&#8221; custom_margin=&#8221;||0px||false|false&#8221; custom_padding=&#8221;|||15px|false|false&#8221; custom_padding_tablet=&#8221;|||15px|false|false&#8221; custom_padding_phone=&#8221;0px||0px|8px|true|false&#8221; custom_padding_last_edited=&#8221;on|phone&#8221; header_font_size_tablet=&#8221;60px&#8221; header_font_size_phone=&#8221;38px&#8221; header_font_size_last_edited=&#8221;on|desktop&#8221; border_color_all=&#8221;#b1040e&#8221; border_width_left=&#8221;8px&#8221; border_color_left=&#8221;#D7A43C&#8221; border_width_left_tablet=&#8221;8px&#8221; border_width_left_phone=&#8221;6px&#8221; border_width_left_last_edited=&#8221;on|phone&#8221; locked=&#8221;off&#8221; global_colors_info=&#8221;{}&#8221;]<\/p>\n<h1>Dokumenti<\/h1>\n<p>[\/et_pb_text][\/et_pb_column][\/et_pb_row][\/et_pb_section][et_pb_section fb_built=&#8221;1&#8243; admin_label=&#8221;Blog&#8221; _builder_version=&#8221;4.27.4&#8243; _module_preset=&#8221;default&#8221; background_enable_color=&#8221;off&#8221; saved_tabs=&#8221;all&#8221; locked=&#8221;off&#8221; collapsed=&#8221;on&#8221; global_colors_info=&#8221;{}&#8221;][et_pb_row make_equal=&#8221;on&#8221; _builder_version=&#8221;4.27.4&#8243; _module_preset=&#8221;default&#8221; width_tablet=&#8221;&#8221; width_phone=&#8221;90%&#8221; width_last_edited=&#8221;on|desktop&#8221; max_width=&#8221;90%&#8221; max_width_tablet=&#8221;90%&#8221; max_width_phone=&#8221;100%&#8221; max_width_last_edited=&#8221;on|tablet&#8221; box_shadow_style=&#8221;preset1&#8243; box_shadow_vertical=&#8221;0px&#8221; box_shadow_blur=&#8221;40px&#8221; box_shadow_spread=&#8221;-25px&#8221; global_colors_info=&#8221;{}&#8221;][et_pb_column type=&#8221;4_4&#8243; _builder_version=&#8221;4.20.0&#8243; _module_preset=&#8221;default&#8221; global_colors_info=&#8221;{}&#8221;][et_pb_text _builder_version=&#8221;4.27.4&#8243; _module_preset=&#8221;default&#8221; text_font=&#8221;Roboto||||||||&#8221; text_font_size=&#8221;17px&#8221; link_font=&#8221;|||on|||||&#8221; link_text_color=&#8221;#0D56A6&#8243; link_font_size=&#8221;17px&#8221; header_2_font=&#8221;Roboto Condensed|700|||||||&#8221; header_2_text_align=&#8221;center&#8221; header_2_text_color=&#8221;#000000&#8243; header_2_font_size=&#8221;30px&#8221; text_orientation=&#8221;center&#8221; link_font_size_tablet=&#8221;16px&#8221; link_font_size_phone=&#8221;14px&#8221; link_font_size_last_edited=&#8221;on|desktop&#8221; global_colors_info=&#8221;{}&#8221;]<\/p>\n<h2>Statuti i akti<\/h2>\n<p><a href=\"https:\/\/kcvinkovci.hr\/wp-content\/uploads\/2025\/03\/Odluka-o-izmjenama-i-dopunama-Statuta-KCV.pdf\" rel=\"attachment wp-att-1262\"><\/a><a href=\"https:\/\/kcvinkovci.hr\/wp-content\/uploads\/2025\/03\/STATUT-KULTURNOG-CENTRA-VINKOVCI.pdf\" rel=\"attachment wp-att-1285\">STATUT KULTURNOG CENTRA VINKOVCI<\/a><br \/><a href=\"https:\/\/kcvinkovci.hr\/wp-content\/uploads\/2025\/03\/PRAVILNIK-O-UNUTARNJEM-USTROJSTVU-I-NACINU-RADA-KULTURNOG-CENTRA-VINKOVCI.pdf\" rel=\"attachment wp-att-1283\">PRAVILNIK O UNUTARNJEM USTROJSTVU I NA\u010cINU RADA KULTURNOG CENTRA VINKOVCI<\/a><br \/><a href=\"https:\/\/kcvinkovci.hr\/wp-content\/uploads\/2025\/03\/PRAVILNIK-O-RADU-KULTURNOG-CENTRA.pdf\" rel=\"attachment wp-att-1282\">PRAVILNIK O RADU KULTURNOG <\/a><a href=\"https:\/\/kcvinkovci.hr\/wp-content\/uploads\/2025\/03\/PRAVILNIK-O-RADU-KULTURNOG-CENTRA.pdf\" rel=\"attachment wp-att-1282\">CENTRA<\/a><br \/><a href=\"https:\/\/kcvinkovci.hr\/wp-content\/uploads\/2025\/03\/PRAVILNIK-O-PROVODENJU-POSTUPAKA-JEDNOSTAVNE-NABAVE.pdf\" rel=\"attachment wp-att-1281\">PRAVILNIK O PROVO\u0110ENJU POSTUPAKA JEDNOSTAVNE NABAVE<\/a><br \/><a href=\"https:\/\/kcvinkovci.hr\/wp-content\/uploads\/2025\/03\/PRAVILNIK-O-NACINU-KORISTENJA-VLASTITIH-PRIHODA.pdf\" rel=\"attachment wp-att-1280\">PRAVILNIK O NA\u010cINU KORI\u0160TENJA VLASTITIH PRIHODA<\/a><\/p>\n<p>[\/et_pb_text][et_pb_divider color=&#8221;#D7A43C&#8221; divider_weight=&#8221;3px&#8221; _builder_version=&#8221;4.27.4&#8243; _module_preset=&#8221;default&#8221; width=&#8221;17%&#8221; width_tablet=&#8221;27%&#8221; width_phone=&#8221;36%&#8221; width_last_edited=&#8221;on|phone&#8221; module_alignment=&#8221;center&#8221; custom_padding=&#8221;0px||0px||true|false&#8221; locked=&#8221;off&#8221; global_colors_info=&#8221;{}&#8221;][\/et_pb_divider][et_pb_text _builder_version=&#8221;4.27.4&#8243; _module_preset=&#8221;default&#8221; text_font=&#8221;Roboto||||||||&#8221; text_font_size=&#8221;17px&#8221; link_font=&#8221;|||on|||||&#8221; link_text_color=&#8221;#0D56A6&#8243; link_font_size=&#8221;17px&#8221; header_2_font=&#8221;Roboto Condensed|700|||||||&#8221; header_2_text_align=&#8221;center&#8221; header_2_text_color=&#8221;#000000&#8243; header_2_font_size=&#8221;30px&#8221; text_orientation=&#8221;center&#8221; link_font_size_tablet=&#8221;16px&#8221; link_font_size_phone=&#8221;14px&#8221; link_font_size_last_edited=&#8221;on|desktop&#8221; global_colors_info=&#8221;{}&#8221;]<\/p>\n<h2>Financijski planovi i izvje\u0161\u0107a\u00a0<\/h2>\n<p><a href=\"https:\/\/kcvinkovci.hr\/wp-content\/uploads\/2026\/01\/IZVJESCE-O-ISPLATAMA-PROSINAC-2025.pdf\">IZVJE\u0160\u0106E O ISPLATAMA prosinac 2025.<\/a><br \/><a href=\"https:\/\/kcvinkovci.hr\/wp-content\/uploads\/2026\/01\/IZVJESCE-O-ISPLATAMA-STUDENI-2025.pdf\">IZVJE\u0160\u0106E O ISPLATAMA studeni 2025.<\/a><br \/><a href=\"https:\/\/kcvinkovci.hr\/wp-content\/uploads\/2026\/01\/IZVJESCE-O-ISPLATAMA-LISTOPAD-2025.pdf\">IZVJE\u0160\u0106E O ISPLATAMA Listopad 2025.<\/a><br \/><a href=\"https:\/\/kcvinkovci.hr\/wp-content\/uploads\/2025\/10\/IZVJESCE-O-ISPLATAMA-RUJAN-2025.pdf\">IZVJE\u0160\u0106E O ISPLATAMA RUJAN 2025.<\/a><br \/><a href=\"https:\/\/kcvinkovci.hr\/wp-content\/uploads\/2025\/10\/IZVJESCE-O-ISPLATAMA-KOLOVOZ-2025.pdf\">IZVJE\u0160\u0106E O ISPLATAMA KOLOVOZ 2025.<\/a><br \/><a href=\"https:\/\/kcvinkovci.hr\/wp-content\/uploads\/2025\/10\/IZVJESCE-O-ISPLATAMA-SRPANJ-2025.pdf\">IZVJE\u0160\u0106E O ISPLATAMA SRPANJ 2025.<\/a><br \/><a href=\"https:\/\/kcvinkovci.hr\/wp-content\/uploads\/2025\/07\/POLUGODISNJE-FINANCIJSKO-IZVJESCE-2025._Obrasci_financijskih_izvjestaja_v_8.2.0-1_250710_001.xlsx\">POLUGODI\u0160NJE FINANCIJSKO IZVJE\u0160\u0106E 2025.<\/a><br \/><a href=\"https:\/\/kcvinkovci.hr\/wp-content\/uploads\/2025\/07\/IZVJESCE-O-ISPLATAMA-LIPANJ-2025.pdf\">IZVJE\u0160\u0106E O ISPLATAMA LIPANJ 2025.<\/a><br \/><a href=\"https:\/\/kcvinkovci.hr\/wp-content\/uploads\/2025\/06\/IZVJESCE-O-ISPLATAMA-SVIBANJ-2025.pdf\">\u00a0IZVJE\u0160\u0106E O ISPLATAMA SVIBANJ 2025.<br \/>iZVJE\u0160\u0106E O ISPLATAMA TRAVANJ 2025.<\/a><br \/><a href=\"https:\/\/kcvinkovci.hr\/wp-content\/uploads\/2025\/03\/IZVJESCE-O-ISPLATAMA-VELJACA-1.pdf\" rel=\"attachment wp-att-1273\">IZVJE\u0160\u0106E O ISPLATAMA O\u017dUJAK 2025<br \/>IZVJE\u0160\u0106E O ISPLATAMA VELJA\u010cA 2025.g.<\/a><br \/><a href=\"https:\/\/kcvinkovci.hr\/wp-content\/uploads\/2025\/03\/IZVJESCE-O-ISPLATAMA-SIJECANJ-2025-1.pdf\" rel=\"attachment wp-att-1272\">IZVJE\u0160\u0106E O ISPLATAMA SIJE\u010cANJ 2025.g.<\/a><br \/><a href=\"https:\/\/kcvinkovci.hr\/wp-content\/uploads\/2025\/03\/FINANCIJSKO-IZVJESCE-2024.-godine-1.xlsx\" rel=\"attachment wp-att-1286\">FINANCIJSKO IZVJE\u0160\u0106E 2024.g.<\/a><br \/><a href=\"https:\/\/kcvinkovci.hr\/wp-content\/uploads\/2025\/03\/Polugodisnji-financijski-izvjestaj-2023.g.pdf\" rel=\"attachment wp-att-1266\">Polugodi\u0161nji financijski izvje\u0161taj 2023.g.<\/a><br \/><a href=\"https:\/\/kcvinkovci.hr\/wp-content\/uploads\/2025\/03\/Biljeske-uz-godisnji-financijski-izvjestaj-za-2022.g.pdf\" rel=\"attachment wp-att-1243\">Bilje\u0161ke uz godi\u0161nji financijski izvje\u0161taj za 2022.g.<\/a><br \/><a href=\"https:\/\/kcvinkovci.hr\/wp-content\/uploads\/2025\/03\/Biljeske-uz-godisnji-financijski-izvjestaj-2021.pdf\" rel=\"attachment wp-att-1241\">Bilje\u0161ke uz godi\u0161nji financijski izvje\u0161taj 2021.g.<\/a><br \/><a href=\"https:\/\/kcvinkovci.hr\/wp-content\/uploads\/2025\/03\/Biljeske-uz-godisnji-financijski-izvjestaj-2023.g.pdf\" rel=\"attachment wp-att-1242\">Bilje\u0161ke uz godi\u0161nji financijski izvje\u0161taj 2023.g.<\/a><br \/><a href=\"https:\/\/kcvinkovci.hr\/wp-content\/uploads\/2025\/03\/Biljeske-uz-polugodisnji-financijski-izvjestaj-2023.g.pdf\" rel=\"attachment wp-att-1244\">Bilje\u0161ke uz polugodi\u0161nji financijski izvje\u0161taj 2023.g.<\/a><br \/><a href=\"https:\/\/kcvinkovci.hr\/wp-content\/uploads\/2025\/03\/Financijski-plan-2023.g.-nakon-1.-rebalansa.pdf\" rel=\"attachment wp-att-1246\">Financijski plan 2023.g. nakon 1. rebalansa<\/a><br \/><a href=\"https:\/\/kcvinkovci.hr\/wp-content\/uploads\/2025\/03\/Financijski-plan-2024.g.-1.pdf\" rel=\"attachment wp-att-1247\">Financijski plan 2024.g.<\/a><br \/><a href=\"https:\/\/kcvinkovci.hr\/wp-content\/uploads\/2025\/03\/Financijski-plan-2023.g.pdf\" rel=\"attachment wp-att-1245\">Financijski plan 2023.g.<\/a><br \/><a href=\"https:\/\/kcvinkovci.hr\/wp-content\/uploads\/2025\/03\/Godisnji-financijski-izvjestaj-2023.g.pdf\" rel=\"attachment wp-att-1249\">Godi\u0161nji financijski izvje\u0161taj 2023.g.<\/a><br \/><a href=\"https:\/\/kcvinkovci.hr\/wp-content\/uploads\/2025\/03\/Godisnji-financijski-izvjestaj-za-2022.g.pdf\" rel=\"attachment wp-att-1250\">Godi\u0161nji financijski izvje\u0161taj za 2022.g.<\/a><br \/><a href=\"https:\/\/kcvinkovci.hr\/wp-content\/uploads\/2025\/03\/Godisnji-financijski-izvjestaj-2021.pdf\" rel=\"attachment wp-att-1248\">Godi\u0161nji financijski izvje\u0161taj 2021.g.<\/a><\/p>\n<p>[\/et_pb_text][et_pb_divider color=&#8221;#D7A43C&#8221; divider_weight=&#8221;3px&#8221; _builder_version=&#8221;4.27.4&#8243; _module_preset=&#8221;default&#8221; width=&#8221;17%&#8221; width_tablet=&#8221;27%&#8221; width_phone=&#8221;36%&#8221; width_last_edited=&#8221;on|phone&#8221; module_alignment=&#8221;center&#8221; custom_padding=&#8221;0px||0px||true|false&#8221; locked=&#8221;off&#8221; global_colors_info=&#8221;{}&#8221;][\/et_pb_divider][et_pb_text _builder_version=&#8221;4.27.4&#8243; _module_preset=&#8221;default&#8221; text_font=&#8221;Roboto||||||||&#8221; text_font_size=&#8221;17px&#8221; link_font=&#8221;|||on|||||&#8221; link_text_color=&#8221;#0D56A6&#8243; link_font_size=&#8221;17px&#8221; header_2_font=&#8221;Roboto Condensed|700|||||||&#8221; header_2_text_align=&#8221;center&#8221; header_2_text_color=&#8221;#000000&#8243; header_2_font_size=&#8221;30px&#8221; text_orientation=&#8221;center&#8221; link_font_size_tablet=&#8221;16px&#8221; link_font_size_phone=&#8221;14px&#8221; link_font_size_last_edited=&#8221;on|desktop&#8221; global_colors_info=&#8221;{}&#8221;]<\/p>\n<h2>Planovi nabave<\/h2>\n<p><a href=\"https:\/\/kcvinkovci.hr\/wp-content\/uploads\/2025\/03\/Plan-nabave-za-2023.g.pdf\" rel=\"attachment wp-att-1265\">Plan nabave za 2023.g.<\/a><br \/><a href=\"https:\/\/kcvinkovci.hr\/wp-content\/uploads\/2025\/03\/Plan-nabave-za-2022.g.pdf\" rel=\"attachment wp-att-1264\">Plan nabave za 2022.g.<\/a><br \/><a href=\"https:\/\/kcvinkovci.hr\/wp-content\/uploads\/2025\/03\/Plan-javne-nabave-za-2021.g.pdf\" rel=\"attachment wp-att-1263\">Plan javne nabave za 2021.g.<\/a><\/p>\n<p>[\/et_pb_text][et_pb_divider color=&#8221;#D7A43C&#8221; divider_weight=&#8221;3px&#8221; _builder_version=&#8221;4.27.4&#8243; _module_preset=&#8221;default&#8221; width=&#8221;17%&#8221; width_tablet=&#8221;27%&#8221; width_phone=&#8221;36%&#8221; width_last_edited=&#8221;on|phone&#8221; module_alignment=&#8221;center&#8221; custom_padding=&#8221;0px||0px||true|false&#8221; locked=&#8221;off&#8221; global_colors_info=&#8221;{}&#8221;][\/et_pb_divider][et_pb_text _builder_version=&#8221;4.27.4&#8243; _module_preset=&#8221;default&#8221; text_font=&#8221;Roboto||||||||&#8221; text_font_size=&#8221;17px&#8221; link_font=&#8221;|||on|||||&#8221; link_text_color=&#8221;#0D56A6&#8243; link_font_size=&#8221;17px&#8221; header_2_font=&#8221;Roboto Condensed|700|||||||&#8221; header_2_text_align=&#8221;center&#8221; header_2_text_color=&#8221;#000000&#8243; header_2_font_size=&#8221;30px&#8221; text_orientation=&#8221;center&#8221; link_font_size_tablet=&#8221;16px&#8221; link_font_size_phone=&#8221;14px&#8221; link_font_size_last_edited=&#8221;on|desktop&#8221; global_colors_info=&#8221;{}&#8221;]<\/p>\n<h2>Ostali dokumenti<\/h2>\n<p><a href=\"https:\/\/kcvinkovci.hr\/wp-content\/uploads\/2026\/02\/KULTVK_Obrasci_financijskih_izvjestaja-KONACNI.xlsx\">OBRASCI FINANCIJSKIH IZVJE\u0160TAJA<\/a><br \/><a href=\"https:\/\/kcvinkovci.hr\/wp-content\/uploads\/2026\/02\/IZVJESCE-O-TRANSPARENTNOSTI-SIJECANJ-2026.pdf\" rel=\"attachment wp-att-1287\">Izvje\u0161\u0107e o transparentnosti za sije\u010danj 2026.g.<\/a><br \/><a href=\"https:\/\/kcvinkovci.hr\/wp-content\/uploads\/2025\/03\/Izvjesce-o-transparentnosti-za-sijecanj-2024.g.xlsx\" rel=\"attachment wp-att-1287\">Izvje\u0161\u0107e o transparentnosti za sije\u010danj 2024.g.<\/a><br \/><a href=\"https:\/\/kcvinkovci.hr\/wp-content\/uploads\/2025\/03\/Izvjesce-o-transparentnosti-za-studeni-2024.pdf\" rel=\"attachment wp-att-1276\">Izvje\u0161\u0107e o transparentnosti za studeni 2024.g.<\/a><br \/><a href=\"https:\/\/kcvinkovci.hr\/wp-content\/uploads\/2025\/03\/Izvjesce-o-transparentnosti-za-prosinac-2024.pdf\" rel=\"attachment wp-att-1275\">Izvje\u0161\u0107e o transparentnosti za prosinac 2024.g.<\/a><br \/><a href=\"https:\/\/kcvinkovci.hr\/wp-content\/uploads\/2025\/03\/Izvjesce-o-transparentnosti-za-listopad-2025.pdf\" rel=\"attachment wp-att-1274\">Izvje\u0161\u0107e o transparentnosti za listopad 2024.g.<\/a><br \/><a href=\"https:\/\/kcvinkovci.hr\/wp-content\/uploads\/2025\/03\/Izvjesce-o-transparentnosti-za-veljacu-2024.pdf\" rel=\"attachment wp-att-1258\">Izvje\u0161\u0107e o transparentnosti za velja\u010du 2024.g.<\/a><br \/><a href=\"https:\/\/kcvinkovci.hr\/wp-content\/uploads\/2025\/03\/Izvjesce-o-transparentnosti-za-travanj-2024.g.pdf\" rel=\"attachment wp-att-1257\">Izvje\u0161\u0107e o transparentnosti za travanj 2024.g.<\/a><br \/><a href=\"https:\/\/kcvinkovci.hr\/wp-content\/uploads\/2025\/03\/Izvjesce-o-transparentnosti-za-svibanj-2024.xlsx.pdf\" rel=\"attachment wp-att-1256\">Izvje\u0161\u0107e o transparentnosti za svibanj 2024.<\/a><br \/><a href=\"https:\/\/kcvinkovci.hr\/wp-content\/uploads\/2025\/03\/Izvjesce-o-transparentnosti-za-srpanj-2024.pdf\" rel=\"attachment wp-att-1255\">Izvje\u0161\u0107e o transparentnosti za srpanj 2024.<\/a><br \/><a href=\"https:\/\/kcvinkovci.hr\/wp-content\/uploads\/2025\/03\/Izvjesce-o-transparentnosti-za-rujan-2024.pdf\" rel=\"attachment wp-att-1254\">Izvje\u0161\u0107e o transparentnosti za rujan 2024.<\/a><br \/><a href=\"https:\/\/kcvinkovci.hr\/wp-content\/uploads\/2025\/03\/Izvjesce-o-transparentnosti-za-ozujak-2024.godine.pdf\" rel=\"attachment wp-att-1253\">Izvje\u0161\u0107e o transparentnosti za o\u017eujak 2024.g.<\/a><br \/><a href=\"https:\/\/kcvinkovci.hr\/wp-content\/uploads\/2025\/03\/Izvjesce-o-transparentnosti-za-lipanj-2024.pdf\" rel=\"attachment wp-att-1252\">Izvje\u0161\u0107e o transparentnosti za lipanj 2024.g.<\/a><br \/><a href=\"https:\/\/kcvinkovci.hr\/wp-content\/uploads\/2025\/03\/Izvjesce-o-transparentnosti-za-kolovoz-2024.pdf\" rel=\"attachment wp-att-1251\">Izvje\u0161\u0107e o transparentnosti za kolovoz 2024.g.<\/a><br \/><a href=\"https:\/\/kcvinkovci.hr\/wp-content\/uploads\/2025\/03\/Registar-ugovora-za-2022.g.-1.pdf\" rel=\"attachment wp-att-1271\">Registar ugovora za 2022.g.<\/a><br \/><a href=\"https:\/\/kcvinkovci.hr\/wp-content\/uploads\/2025\/03\/Registar-ugovora-za-2021.g.pdf\" rel=\"attachment wp-att-1270\">Registar ugovora za 2021.g.<\/a><\/p>\n<p>[\/et_pb_text][\/et_pb_column][\/et_pb_row][\/et_pb_section]<\/p>\n","protected":false},"excerpt":{"rendered":"<p>DokumentiStatuti i akti STATUT KULTURNOG CENTRA VINKOVCIPRAVILNIK O UNUTARNJEM USTROJSTVU I NA\u010cINU RADA KULTURNOG CENTRA VINKOVCIPRAVILNIK O RADU KULTURNOG CENTRAPRAVILNIK O PROVO\u0110ENJU POSTUPAKA JEDNOSTAVNE NABAVEPRAVILNIK O NA\u010cINU KORI\u0160TENJA VLASTITIH PRIHODAFinancijski planovi i izvje\u0161\u0107a\u00a0 IZVJE\u0160\u0106E O ISPLATAMA prosinac 2025.IZVJE\u0160\u0106E O ISPLATAMA studeni 2025.IZVJE\u0160\u0106E O ISPLATAMA Listopad 2025.IZVJE\u0160\u0106E O ISPLATAMA RUJAN 2025.IZVJE\u0160\u0106E O ISPLATAMA KOLOVOZ 2025.IZVJE\u0160\u0106E O [&hellip;]<\/p>\n","protected":false},"author":1,"featured_media":0,"parent":0,"menu_order":0,"comment_status":"closed","ping_status":"closed","template":"","meta":{"_acf_changed":false,"_et_pb_use_builder":"on","_et_pb_old_content":"<!-- wp:divi\/placeholder \/-->","_et_gb_content_width":"","footnotes":""},"class_list":["post-1222","page","type-page","status-publish","hentry"],"acf":[],"_links":{"self":[{"href":"https:\/\/kcvinkovci.hr\/en\/wp-json\/wp\/v2\/pages\/1222","targetHints":{"allow":["GET"]}}],"collection":[{"href":"https:\/\/kcvinkovci.hr\/en\/wp-json\/wp\/v2\/pages"}],"about":[{"href":"https:\/\/kcvinkovci.hr\/en\/wp-json\/wp\/v2\/types\/page"}],"author":[{"embeddable":true,"href":"https:\/\/kcvinkovci.hr\/en\/wp-json\/wp\/v2\/users\/1"}],"replies":[{"embeddable":true,"href":"https:\/\/kcvinkovci.hr\/en\/wp-json\/wp\/v2\/comments?post=1222"}],"version-history":[{"count":18,"href":"https:\/\/kcvinkovci.hr\/en\/wp-json\/wp\/v2\/pages\/1222\/revisions"}],"predecessor-version":[{"id":1846,"href":"https:\/\/kcvinkovci.hr\/en\/wp-json\/wp\/v2\/pages\/1222\/revisions\/1846"}],"wp:attachment":[{"href":"https:\/\/kcvinkovci.hr\/en\/wp-json\/wp\/v2\/media?parent=1222"}],"curies":[{"name":"wp","href":"https:\/\/api.w.org\/{rel}","templated":true}]}}