{"id":1300,"date":"2025-03-20T12:07:10","date_gmt":"2025-03-20T11:07:10","guid":{"rendered":"https:\/\/kcvinkovci.hr\/?page_id=1300"},"modified":"2025-04-07T15:20:05","modified_gmt":"2025-04-07T13:20:05","slug":"natjecaji","status":"publish","type":"page","link":"https:\/\/kcvinkovci.hr\/en\/natjecaji\/","title":{"rendered":"Natje\u010daji"},"content":{"rendered":"<p>[et_pb_section fb_built=&#8221;1&#8243; admin_label=&#8221;Header&#8221; _builder_version=&#8221;4.27.4&#8243; _module_preset=&#8221;default&#8221; use_background_color_gradient=&#8221;on&#8221; background_color_gradient_stops=&#8221;rgba(0,0,0,0.8) 100%|rgba(0,0,0,0.1) 100%&#8221; background_color_gradient_overlays_image=&#8221;on&#8221; background_enable_image=&#8221;off&#8221; background_position=&#8221;top_center&#8221; background_vertical_offset=&#8221;30%&#8221; custom_margin=&#8221;||||false|false&#8221; custom_padding=&#8221;5vw||40px||false|false&#8221; collapsed=&#8221;on&#8221; global_colors_info=&#8221;{}&#8221;][et_pb_row _builder_version=&#8221;4.20.0&#8243; _module_preset=&#8221;default&#8221; global_colors_info=&#8221;{}&#8221;][et_pb_column type=&#8221;4_4&#8243; _builder_version=&#8221;4.20.0&#8243; _module_preset=&#8221;default&#8221; global_colors_info=&#8221;{}&#8221;][et_pb_text _builder_version=&#8221;4.27.4&#8243; _module_preset=&#8221;_initial&#8221; header_font=&#8221;Roboto Condensed|700||on|||||&#8221; header_text_color=&#8221;#FFFFFF&#8221; header_font_size=&#8221;75px&#8221; header_line_height=&#8221;1.2em&#8221; custom_margin=&#8221;||0px||false|false&#8221; custom_padding=&#8221;|||15px|false|false&#8221; custom_padding_tablet=&#8221;|||15px|false|false&#8221; custom_padding_phone=&#8221;0px||0px|8px|true|false&#8221; custom_padding_last_edited=&#8221;on|phone&#8221; header_font_size_tablet=&#8221;60px&#8221; header_font_size_phone=&#8221;38px&#8221; header_font_size_last_edited=&#8221;on|desktop&#8221; border_color_all=&#8221;#b1040e&#8221; border_width_left=&#8221;8px&#8221; border_color_left=&#8221;#D7A43C&#8221; border_width_left_tablet=&#8221;8px&#8221; border_width_left_phone=&#8221;6px&#8221; border_width_left_last_edited=&#8221;on|phone&#8221; locked=&#8221;off&#8221; global_colors_info=&#8221;{}&#8221;]<\/p>\n<h1>Natje\u010daji<\/h1>\n<p>[\/et_pb_text][\/et_pb_column][\/et_pb_row][\/et_pb_section][et_pb_section fb_built=&#8221;1&#8243; admin_label=&#8221;Blog&#8221; _builder_version=&#8221;4.27.4&#8243; _module_preset=&#8221;default&#8221; background_enable_color=&#8221;off&#8221; saved_tabs=&#8221;all&#8221; locked=&#8221;off&#8221; collapsed=&#8221;on&#8221; global_colors_info=&#8221;{}&#8221;][et_pb_row make_equal=&#8221;on&#8221; _builder_version=&#8221;4.27.4&#8243; _module_preset=&#8221;default&#8221; width_tablet=&#8221;&#8221; width_phone=&#8221;90%&#8221; width_last_edited=&#8221;on|desktop&#8221; max_width=&#8221;90%&#8221; max_width_tablet=&#8221;90%&#8221; max_width_phone=&#8221;100%&#8221; max_width_last_edited=&#8221;on|tablet&#8221; box_shadow_style=&#8221;preset1&#8243; box_shadow_vertical=&#8221;0px&#8221; box_shadow_blur=&#8221;40px&#8221; box_shadow_spread=&#8221;-25px&#8221; global_colors_info=&#8221;{}&#8221;][et_pb_column type=&#8221;4_4&#8243; _builder_version=&#8221;4.20.0&#8243; _module_preset=&#8221;default&#8221; global_colors_info=&#8221;{}&#8221;][et_pb_text _builder_version=&#8221;4.27.4&#8243; _module_preset=&#8221;default&#8221; text_font=&#8221;Roboto||||||||&#8221; text_font_size=&#8221;17px&#8221; link_font=&#8221;|||on|||||&#8221; link_text_color=&#8221;#0D56A6&#8243; link_font_size=&#8221;17px&#8221; header_2_font=&#8221;Roboto Condensed|700|||||||&#8221; header_2_text_align=&#8221;center&#8221; header_2_text_color=&#8221;#000000&#8243; header_2_font_size=&#8221;30px&#8221; text_orientation=&#8221;center&#8221; hover_enabled=&#8221;0&#8243; link_font_size_tablet=&#8221;16px&#8221; link_font_size_phone=&#8221;14px&#8221; link_font_size_last_edited=&#8221;on|desktop&#8221; global_colors_info=&#8221;{}&#8221; sticky_enabled=&#8221;0&#8243;]<\/p>\n<p><a href=\"https:\/\/kcvinkovci.hr\/wp-content\/uploads\/2025\/03\/Odluka-o-izmjenama-i-dopunama-Statuta-KCV.pdf\" rel=\"attachment wp-att-1262\"><\/a><a href=\"https:\/\/kcvinkovci.hr\/wp-content\/uploads\/2025\/03\/STATUT-KULTURNOG-CENTRA-VINKOVCI.pdf\" rel=\"attachment wp-att-1285\"><\/a><a href=\"https:\/\/kcvinkovci.hr\/wp-content\/uploads\/2025\/03\/Natjecaj-za-ravnatelja-KCV.pdf\" rel=\"attachment wp-att-1260\">Natje\u010daj za ravnatelja KCV<\/a><br \/><a href=\"https:\/\/kcvinkovci.hr\/wp-content\/uploads\/2025\/03\/Poziv-na-usmeni-razgovor.pdf\" rel=\"attachment wp-att-1269\">Poziv na usmeni razgovor<\/a><br \/><a href=\"https:\/\/kcvinkovci.hr\/wp-content\/uploads\/2025\/03\/Poziv-na-pismeno-testiranje-1.pdf\" rel=\"attachment wp-att-1268\">Poziv na pismeno testiranje<\/a><br \/><a href=\"https:\/\/kcvinkovci.hr\/wp-content\/uploads\/2025\/03\/Poziv-na-pismeno-testiranje.pdf\" rel=\"attachment wp-att-1267\">Poziv na pismeno testiranje<\/a><br \/><a href=\"https:\/\/kcvinkovci.hr\/wp-content\/uploads\/2025\/03\/Natjecaj-za-pripravnika.pdf\" rel=\"attachment wp-att-1279\">Natje\u010daj za pripravnika<\/a><br \/><a href=\"https:\/\/kcvinkovci.hr\/wp-content\/uploads\/2025\/03\/Poziv-na-pismeno-testiranje.docx\" rel=\"attachment wp-att-1240\">Poziv na pismeno testiranje<\/a><br \/><a href=\"https:\/\/kcvinkovci.hr\/wp-content\/uploads\/2025\/03\/Obavijest-o-natjecaju-1-1.docx\" rel=\"attachment wp-att-1239\">Obavijest o natje\u010daju<\/a><br \/><a href=\"https:\/\/kcvinkovci.hr\/wp-content\/uploads\/2025\/03\/Natjecaj-voditelj-racunovodstva-converted.pdf\" rel=\"attachment wp-att-1238\">Natje\u010daj voditelj ra\u010dunovodstva<\/a><br \/><a href=\"https:\/\/kcvinkovci.hr\/wp-content\/uploads\/2025\/03\/Natjecaj-strucni-suradnik-za-promidzbu-1.docx\" rel=\"attachment wp-att-1236\">Natje\u010daj stru\u010dni suradnik za promid\u017ebu<\/a><a href=\"https:\/\/kcvinkovci.hr\/wp-content\/uploads\/2025\/03\/STATUT-KULTURNOG-CENTRA-VINKOVCI.pdf\" rel=\"attachment wp-att-1285\"><\/a><\/p>\n<p>[\/et_pb_text][\/et_pb_column][\/et_pb_row][\/et_pb_section]<\/p>\n","protected":false},"excerpt":{"rendered":"<p>Natje\u010dajiNatje\u010daj za ravnatelja KCVPoziv na usmeni razgovorPoziv na pismeno testiranjePoziv na pismeno testiranjeNatje\u010daj za pripravnikaPoziv na pismeno testiranjeObavijest o natje\u010dajuNatje\u010daj voditelj ra\u010dunovodstvaNatje\u010daj stru\u010dni suradnik za promid\u017ebu<\/p>","protected":false},"author":1,"featured_media":0,"parent":0,"menu_order":0,"comment_status":"closed","ping_status":"closed","template":"","meta":{"_acf_changed":false,"_et_pb_use_builder":"on","_et_pb_old_content":"","_et_gb_content_width":"","footnotes":""},"class_list":["post-1300","page","type-page","status-publish","hentry"],"acf":[],"_links":{"self":[{"href":"https:\/\/kcvinkovci.hr\/en\/wp-json\/wp\/v2\/pages\/1300","targetHints":{"allow":["GET"]}}],"collection":[{"href":"https:\/\/kcvinkovci.hr\/en\/wp-json\/wp\/v2\/pages"}],"about":[{"href":"https:\/\/kcvinkovci.hr\/en\/wp-json\/wp\/v2\/types\/page"}],"author":[{"embeddable":true,"href":"https:\/\/kcvinkovci.hr\/en\/wp-json\/wp\/v2\/users\/1"}],"replies":[{"embeddable":true,"href":"https:\/\/kcvinkovci.hr\/en\/wp-json\/wp\/v2\/comments?post=1300"}],"version-history":[{"count":6,"href":"https:\/\/kcvinkovci.hr\/en\/wp-json\/wp\/v2\/pages\/1300\/revisions"}],"predecessor-version":[{"id":1367,"href":"https:\/\/kcvinkovci.hr\/en\/wp-json\/wp\/v2\/pages\/1300\/revisions\/1367"}],"wp:attachment":[{"href":"https:\/\/kcvinkovci.hr\/en\/wp-json\/wp\/v2\/media?parent=1300"}],"curies":[{"name":"wp","href":"https:\/\/api.w.org\/{rel}","templated":true}]}}