{"id":1373,"date":"2025-04-07T16:09:20","date_gmt":"2025-04-07T14:09:20","guid":{"rendered":"https:\/\/kcvinkovci.hr\/?page_id=1373"},"modified":"2025-04-07T19:09:43","modified_gmt":"2025-04-07T17:09:43","slug":"zastita-privatnosti","status":"publish","type":"page","link":"https:\/\/kcvinkovci.hr\/en\/zastita-privatnosti\/","title":{"rendered":"Za\u0161tita privatnosti"},"content":{"rendered":"<p>[et_pb_section fb_built=&#8221;1&#8243; admin_label=&#8221;Header&#8221; _builder_version=&#8221;4.27.4&#8243; _module_preset=&#8221;default&#8221; use_background_color_gradient=&#8221;on&#8221; background_color_gradient_stops=&#8221;rgba(0,0,0,0.8) 100%|rgba(0,0,0,0.1) 100%&#8221; background_color_gradient_overlays_image=&#8221;on&#8221; background_enable_image=&#8221;off&#8221; background_position=&#8221;top_center&#8221; background_vertical_offset=&#8221;30%&#8221; custom_margin=&#8221;||||false|false&#8221; custom_padding=&#8221;5vw||40px||false|false&#8221; collapsed=&#8221;on&#8221; global_colors_info=&#8221;{}&#8221;][et_pb_row _builder_version=&#8221;4.20.0&#8243; _module_preset=&#8221;default&#8221; global_colors_info=&#8221;{}&#8221;][et_pb_column type=&#8221;4_4&#8243; _builder_version=&#8221;4.20.0&#8243; _module_preset=&#8221;default&#8221; global_colors_info=&#8221;{}&#8221;][et_pb_text _builder_version=&#8221;4.27.4&#8243; _module_preset=&#8221;_initial&#8221; header_font=&#8221;Roboto Condensed|700||on|||||&#8221; header_text_color=&#8221;#FFFFFF&#8221; header_font_size=&#8221;75px&#8221; header_line_height=&#8221;1.2em&#8221; custom_margin=&#8221;||0px||false|false&#8221; custom_padding=&#8221;|||15px|false|false&#8221; custom_padding_tablet=&#8221;|||15px|false|false&#8221; custom_padding_phone=&#8221;0px||0px|8px|true|false&#8221; custom_padding_last_edited=&#8221;on|phone&#8221; header_font_size_tablet=&#8221;60px&#8221; header_font_size_phone=&#8221;38px&#8221; header_font_size_last_edited=&#8221;on|desktop&#8221; border_color_all=&#8221;#b1040e&#8221; border_width_left=&#8221;8px&#8221; border_color_left=&#8221;#D7A43C&#8221; border_width_left_tablet=&#8221;8px&#8221; border_width_left_phone=&#8221;6px&#8221; border_width_left_last_edited=&#8221;on|phone&#8221; locked=&#8221;off&#8221; global_colors_info=&#8221;{}&#8221;]<\/p>\n<h1>Za\u0161tita privatnosti<\/h1>\n<p>[\/et_pb_text][\/et_pb_column][\/et_pb_row][\/et_pb_section][et_pb_section fb_built=&#8221;1&#8243; admin_label=&#8221;Blog&#8221; _builder_version=&#8221;4.27.4&#8243; _module_preset=&#8221;default&#8221; background_enable_color=&#8221;off&#8221; saved_tabs=&#8221;all&#8221; locked=&#8221;off&#8221; collapsed=&#8221;on&#8221; global_colors_info=&#8221;{}&#8221;][et_pb_row make_equal=&#8221;on&#8221; _builder_version=&#8221;4.27.4&#8243; _module_preset=&#8221;default&#8221; width_tablet=&#8221;&#8221; width_phone=&#8221;90%&#8221; width_last_edited=&#8221;on|desktop&#8221; max_width=&#8221;90%&#8221; max_width_tablet=&#8221;90%&#8221; max_width_phone=&#8221;100%&#8221; max_width_last_edited=&#8221;on|tablet&#8221; box_shadow_style=&#8221;preset1&#8243; box_shadow_vertical=&#8221;0px&#8221; box_shadow_blur=&#8221;40px&#8221; box_shadow_spread=&#8221;-25px&#8221; global_colors_info=&#8221;{}&#8221;][et_pb_column type=&#8221;4_4&#8243; _builder_version=&#8221;4.20.0&#8243; _module_preset=&#8221;default&#8221; global_colors_info=&#8221;{}&#8221;][et_pb_text _builder_version=&#8221;4.27.4&#8243; _module_preset=&#8221;default&#8221; text_font=&#8221;Roboto|300|||||||&#8221; text_text_color=&#8221;#000000&#8243; text_font_size=&#8221;18px&#8221; link_font=&#8221;||||||||&#8221; link_text_color=&#8221;#0D56A6&#8243; link_font_size=&#8221;17px&#8221; header_2_font=&#8221;Roboto Condensed|700|||||||&#8221; header_2_text_align=&#8221;center&#8221; header_2_text_color=&#8221;#000000&#8243; header_2_font_size=&#8221;30px&#8221; custom_padding=&#8221;|30px||30px|false|true&#8221; hover_enabled=&#8221;0&#8243; link_font_size_tablet=&#8221;16px&#8221; link_font_size_phone=&#8221;14px&#8221; link_font_size_last_edited=&#8221;on|desktop&#8221; global_colors_info=&#8221;{}&#8221; sticky_enabled=&#8221;0&#8243;]<\/p>\n<h2>Izjava o za\u0161titi privatnosti<\/h2>\n<p>&nbsp;<\/p>\n<p data-start=\"112\" data-end=\"253\" class=\"\"><strong data-start=\"112\" data-end=\"140\">Kulturni centar Vinkovci<\/strong> po\u0161tuje va\u0161u privatnost i obvezuje se \u0161tititi osobne podatke koji se prikupljaju putem ove internetske stranice.<\/p>\n<h3 data-start=\"255\" data-end=\"278\" class=\"\">1. Op\u0107e informacije<\/h3>\n<p data-start=\"280\" data-end=\"496\" class=\"\">Ova izjava o privatnosti odnosi se na web stranicu <a data-start=\"331\" data-end=\"376\" rel=\"noopener\" target=\"_new\" class=\"\" href=\"http:\/\/www.kcvinkovci.hr\">www.kcvinkovci.hr<\/a>. Kori\u0161tenjem ove stranice potvr\u0111ujete da ste pro\u010ditali, razumjeli i prihvatili uvjete ove Izjave o za\u0161titi privatnosti.<\/p>\n<p data-start=\"498\" data-end=\"624\" class=\"\">Ako imate pitanja u vezi privatnosti ili obrade podataka, slobodno nas kontaktirajte putem e-po\u0161te na: <strong data-start=\"601\" data-end=\"623\"><a data-start=\"603\" data-end=\"621\" rel=\"noopener\">info@kcvinkovci.hr<\/a><\/strong>.<\/p>\n<h3 data-start=\"626\" data-end=\"671\" class=\"\">2. Prikupljanje i obrada osobnih podataka<\/h3>\n<p data-start=\"673\" data-end=\"911\" class=\"\">Na ovoj web stranici prikupljamo osobne podatke isklju\u010divo putem <strong data-start=\"738\" data-end=\"757\">kontakt obrasca<\/strong>. Podaci koje korisnik dobrovoljno unosi (ime, e-mail adresa, poruka) koriste se isklju\u010divo za svrhu odgovaranja na upit i ne dijele se s tre\u0107im stranama.<\/p>\n<p data-start=\"913\" data-end=\"1027\" class=\"\">Na stranici <strong data-start=\"925\" data-end=\"966\">nije omogu\u0107ena registracija korisnika<\/strong> niti se prikupljaju dodatni podaci putem korisni\u010dkih ra\u010duna.<\/p>\n<h3 data-start=\"1029\" data-end=\"1054\" class=\"\">3. Kola\u010di\u0107i (Cookies)<\/h3>\n<p data-start=\"1056\" data-end=\"1272\" class=\"\">Web stranica koristi osnovne kola\u010di\u0107e koji su nu\u017eni za njezino pravilno funkcioniranje. Stranica koristi WordPress s Divi temom, a svi kola\u010di\u0107i koji se koriste slu\u017ee isklju\u010divo za funkcionalnost stranice i analitiku.<\/p>\n<p data-start=\"1274\" data-end=\"1413\" class=\"\">Kori\u0161tenjem stranice pristajete na upotrebu kola\u010di\u0107a. Kori\u0161tenjem postavki va\u0161eg preglednika mo\u017eete u svakom trenutku onemogu\u0107iti kola\u010di\u0107e.<\/p>\n<h3 data-start=\"1415\" data-end=\"1440\" class=\"\">4. Sigurnost podataka<\/h3>\n<p data-start=\"1442\" data-end=\"1604\" class=\"\">Poduzimamo sve razumne tehni\u010dke i organizacijske mjere kako bismo za\u0161titili osobne podatke korisnika od neovla\u0161tenog pristupa, gubitka, zloupotrebe ili uni\u0161tenja.<\/p>\n<h3 data-start=\"1606\" data-end=\"1628\" class=\"\">5. Prava korisnika<\/h3>\n<p data-start=\"1630\" data-end=\"1665\" class=\"\">Kao korisnik imate pravo zatra\u017eiti:<\/p>\n<ul data-start=\"1666\" data-end=\"1841\">\n<li data-start=\"1666\" data-end=\"1700\" class=\"\">\n<p data-start=\"1668\" data-end=\"1700\" class=\"\">pristup svojim osobnim podacima,<\/p>\n<\/li>\n<li data-start=\"1701\" data-end=\"1730\" class=\"\">\n<p data-start=\"1703\" data-end=\"1730\" class=\"\">ispravak neto\u010dnih podataka,<\/p>\n<\/li>\n<li data-start=\"1731\" data-end=\"1751\" class=\"\">\n<p data-start=\"1733\" data-end=\"1751\" class=\"\">brisanje podataka,<\/p>\n<\/li>\n<li data-start=\"1752\" data-end=\"1773\" class=\"\">\n<p data-start=\"1754\" data-end=\"1773\" class=\"\">ograni\u010denje obrade,<\/p>\n<\/li>\n<li data-start=\"1774\" data-end=\"1819\" class=\"\">\n<p data-start=\"1776\" data-end=\"1819\" class=\"\">prenosivost podataka (gdje je primjenjivo),<\/p>\n<\/li>\n<li data-start=\"1820\" data-end=\"1841\" class=\"\">\n<p data-start=\"1822\" data-end=\"1841\" class=\"\">povla\u010denje privole.<\/p>\n<\/li>\n<\/ul>\n<p data-start=\"1843\" data-end=\"1944\" class=\"\">Za ostvarenje bilo kojeg od navedenih prava, obratite nam se putem e-po\u0161te na <strong data-start=\"1921\" data-end=\"1943\"><a data-start=\"1923\" data-end=\"1941\" rel=\"noopener\">info@kcvinkovci.hr<\/a><\/strong>.<\/p>\n<h3 data-start=\"1946\" data-end=\"1982\" class=\"\">6. Promjene izjave o privatnosti<\/h3>\n<p data-start=\"1984\" data-end=\"2123\" class=\"\">Zadr\u017eavamo pravo izmjene ove Izjave o privatnosti u bilo kojem trenutku. A\u017eurirane verzije bit \u0107e pravovremeno objavljene na ovoj stranici.<\/p>\n<p>[\/et_pb_text][\/et_pb_column][\/et_pb_row][\/et_pb_section]<\/p>\n","protected":false},"excerpt":{"rendered":"<p>Za\u0161tita privatnostiIzjava o za\u0161titi privatnosti &nbsp; Kulturni centar Vinkovci po\u0161tuje va\u0161u privatnost i obvezuje se \u0161tititi osobne podatke koji se prikupljaju putem ove internetske stranice. 1. Op\u0107e informacije Ova izjava o privatnosti odnosi se na web stranicu www.kcvinkovci.hr. Kori\u0161tenjem ove stranice potvr\u0111ujete da ste pro\u010ditali, razumjeli i prihvatili uvjete ove Izjave o za\u0161titi privatnosti. Ako [&hellip;]<\/p>\n","protected":false},"author":1,"featured_media":0,"parent":0,"menu_order":0,"comment_status":"closed","ping_status":"closed","template":"","meta":{"_acf_changed":false,"_et_pb_use_builder":"on","_et_pb_old_content":"","_et_gb_content_width":"","footnotes":""},"class_list":["post-1373","page","type-page","status-publish","hentry"],"acf":[],"_links":{"self":[{"href":"https:\/\/kcvinkovci.hr\/en\/wp-json\/wp\/v2\/pages\/1373","targetHints":{"allow":["GET"]}}],"collection":[{"href":"https:\/\/kcvinkovci.hr\/en\/wp-json\/wp\/v2\/pages"}],"about":[{"href":"https:\/\/kcvinkovci.hr\/en\/wp-json\/wp\/v2\/types\/page"}],"author":[{"embeddable":true,"href":"https:\/\/kcvinkovci.hr\/en\/wp-json\/wp\/v2\/users\/1"}],"replies":[{"embeddable":true,"href":"https:\/\/kcvinkovci.hr\/en\/wp-json\/wp\/v2\/comments?post=1373"}],"version-history":[{"count":4,"href":"https:\/\/kcvinkovci.hr\/en\/wp-json\/wp\/v2\/pages\/1373\/revisions"}],"predecessor-version":[{"id":1386,"href":"https:\/\/kcvinkovci.hr\/en\/wp-json\/wp\/v2\/pages\/1373\/revisions\/1386"}],"wp:attachment":[{"href":"https:\/\/kcvinkovci.hr\/en\/wp-json\/wp\/v2\/media?parent=1373"}],"curies":[{"name":"wp","href":"https:\/\/api.w.org\/{rel}","templated":true}]}}